{"id":107,"date":"2021-11-08T16:14:03","date_gmt":"2021-11-08T16:14:03","guid":{"rendered":"https:\/\/demo.artureanec.com\/themes\/energium\/?page_id=107"},"modified":"2025-07-08T13:08:42","modified_gmt":"2025-07-08T10:08:42","slug":"terms-and-conditions","status":"publish","type":"page","link":"https:\/\/capowergreen.com\/tr\/terms-and-conditions\/","title":{"rendered":"\u015eartlar ve ko\u015fullar"},"content":{"rendered":"<div class=\"wp-block-title\">\n<h2 class=\"wp-block-heading\"><strong>\u00c7erez politikam\u0131z<\/strong><\/h2><div class=\"wp-block-title-pattern\"><\/div>\n<\/div>\n\n\n<p>Hizmetlerimizi etkili bir \u015fekilde sunmak ve t\u00fcketici deneyiminizi iyile\u015ftirmek i\u00e7in web sitemizde ve e-postalar\u0131m\u0131zda \u00e7e\u015fitli ama\u00e7larla \u00e7erezler kullan\u0131yoruz. Ayr\u0131ca, g\u00fcvenilir ortaklar\u0131m\u0131z\u0131n deneyimlerini payla\u015fmalar\u0131 ve kendi web sitelerinde m\u00fc\u015fteri deneyimini iyile\u015ftirmeleri i\u00e7in bir yol geli\u015ftiriyoruz. Bu politika, kulland\u0131\u011f\u0131m\u0131z (ve ortaklar\u0131m\u0131z\u0131n kulland\u0131\u011f\u0131) \u00e7erez kategorilerini, bu \u00e7erezlerin kullan\u0131m ama\u00e7lar\u0131n\u0131 ve tercihlerinizi nas\u0131l de\u011fi\u015ftirebilece\u011finizi a\u00e7\u0131klamaktad\u0131r.<\/p>\n\n\n<div class=\"wp-block-title\">\n<h3 class=\"wp-block-heading\"><strong>\u00c7erezler nedir?<\/strong><\/h3><div class=\"wp-block-title-pattern\"><\/div>\n<\/div>\n\n\n<p>\u00c7erezler, taray\u0131c\u0131n\u0131z taraf\u0131ndan bilgisayar\u0131n\u0131z\u0131n sabit diskine kaydedilen k\u00fc\u00e7\u00fck bilgi par\u00e7alar\u0131d\u0131r. Web sitemizi her ziyaret etti\u011finizde, web taray\u0131c\u0131n\u0131z ilgi alanlar\u0131n\u0131za ve tercihlerinize daha iyi uyum sa\u011flayabilmemiz veya hizmetlerimizi kullanmak i\u00e7in oturum a\u00e7abilmenizi sa\u011flamak amac\u0131yla bize \u00e7erezler g\u00f6nderir ve b\u00f6ylece kullan\u0131c\u0131 deneyiminizi ki\u015fiselle\u015ftirmemize olanak tan\u0131r.<\/p>\n\n\n<div class=\"wp-block-title\">\n<h3 class=\"wp-block-heading\"><strong>LisansHangi \u00e7erezleri kullan\u0131yoruz?<\/strong><\/h3><div class=\"wp-block-title-pattern\"><\/div>\n<\/div>\n\n\n<p>Kulland\u0131\u011f\u0131m\u0131z \u00e7erezler, sitemizi tekrar ziyaret eden her t\u00fcketiciyi tan\u0131mlamam\u0131z\u0131 sa\u011flar, b\u00f6ylece ayn\u0131 bilgileri birden fazla kez girmenize gerek kalmaz. \u00c7erezler ayr\u0131ca, web sitemizi ziyaret edenlerin trafik modellerini anlamam\u0131za yard\u0131mc\u0131 olarak, sitemizi daha kullan\u0131c\u0131 dostu hale getirmemizi sa\u011flar.<\/p>\n\n\n<div class=\"wp-block-title\">\n<h3 class=\"wp-block-heading\"><strong>Web sitemizde kullan\u0131lan \u00e7erez t\u00fcrlerinden baz\u0131lar\u0131 \u015funlard\u0131r:<\/strong><\/h3><div class=\"wp-block-title-pattern\"><\/div>\n<\/div>\n\n<div class=\"wp-block-title\">\n<h3 class=\"wp-block-heading\"><strong>Temel \u00c7erezler<\/strong><\/h3><div class=\"wp-block-title-pattern\"><\/div>\n<\/div>\n\n\n<p>Temel \u00e7erezler, web sitemizden talep etti\u011finiz hizmetleri size sunmak i\u00e7in kullan\u0131l\u0131r. Bu \u00e7erezler olmadan, talep etti\u011finiz hizmetleri size sunamay\u0131z.<\/p>\n\n\n\n<p>\u00d6rne\u011fin, bu \u00e7erezler a\u015fa\u011f\u0131daki ama\u00e7lar i\u00e7in kullan\u0131labilir:<\/p>\n\n\n\n<ul class=\"wp-block-list\">\n<li>Tekrar tekrar oturum a\u00e7man\u0131za gerek kalmadan web sitemizin g\u00fcvenli alanlar\u0131na eri\u015fmenizi sa\u011flamak<\/li>\n\n\n\n<li>Ayn\u0131 oturum s\u0131ras\u0131nda \u00f6nceki bir sayfaya d\u00f6nd\u00fc\u011f\u00fcn\u00fczde daha \u00f6nce ger\u00e7ekle\u015ftirdi\u011finiz eylemleri (\u00f6rne\u011fin \u00e7evrimi\u00e7i formlar\u0131 doldurmak) hat\u0131rlamak<\/li>\n<\/ul>\n\n\n<div class=\"wp-block-title\">\n<h3 class=\"wp-block-heading\"><strong>Performans \u00e7erez mod\u00fclleri<\/strong><\/h3><div class=\"wp-block-title-pattern\"><\/div>\n<\/div>\n\n\n<p>Performans \u00e7erezleri, web sitemizin, reklamlar\u0131m\u0131z\u0131n ve e-posta mesajlar\u0131m\u0131z\u0131n nas\u0131l kullan\u0131ld\u0131\u011f\u0131 hakk\u0131nda bilgi toplamak ve bir hata olu\u015ftu\u011funda bizi bilgilendirmek i\u00e7in kullan\u0131labilir. Bu \u00e7erezler, ziyaret edilen son sayfa, ziyaret edilen sayfa say\u0131s\u0131, e-postalar\u0131n a\u00e7\u0131l\u0131p a\u00e7\u0131lmad\u0131\u011f\u0131, web sitemizin veya e-postam\u0131z\u0131n hangi b\u00f6l\u00fcmlerine t\u0131kland\u0131\u011f\u0131 ve t\u0131klamalar aras\u0131ndaki s\u00fcre gibi olduk\u00e7a ayr\u0131nt\u0131l\u0131 teknik bilgiler toplamak i\u00e7in kullan\u0131labilir. Bu bilgiler IP adresiniz, alan ad\u0131n\u0131z veya taray\u0131c\u0131 bilgileriniz gibi ayr\u0131nt\u0131larla ili\u015fkilendirilebilse de, sizi do\u011frudan tan\u0131mlamadan yaln\u0131zca di\u011fer kullan\u0131c\u0131lar\u0131n bilgileriyle birlikte analiz edilir.<\/p>\n\n\n<div class=\"wp-block-title\">\n<h3 class=\"wp-block-heading\"><strong>\u00d6rne\u011fin, bu \u00e7erezler web sitemizde a\u015fa\u011f\u0131daki ama\u00e7larla kullan\u0131labilir:<\/strong><\/h3><div class=\"wp-block-title-pattern\"><\/div>\n<\/div>\n\n\n<p>Web sitemizin, reklamlar\u0131m\u0131z\u0131n ve e-posta ileti\u015fimlerimizin performans\u0131n\u0131 ve tasar\u0131m\u0131n\u0131 analiz etmek ve iyile\u015ftirmek<\/p>\n\n\n\n<ul class=\"wp-block-list\">\n<li>Reklamlar\u0131m\u0131z\u0131n etkinli\u011fini art\u0131rmak amac\u0131yla reklamlar\u0131m\u0131za gelen yan\u0131t say\u0131s\u0131n\u0131 hesaplamak<\/li>\n\n\n\n<li>Hizmetimizi iyile\u015ftirmek ve \u015fikayetleri ele almak amac\u0131yla web sitemizde meydana gelen hatalar\u0131 de\u011ferlendirmek<\/li>\n<\/ul>\n\n\n<div class=\"wp-block-title\">\n<h3 class=\"wp-block-heading\"><strong>Y\u00f6nlendirme \u00e7erezleri<\/strong><\/h3><div class=\"wp-block-title-pattern\"><\/div>\n<\/div>\n\n\n<p>\u0130\u015f ortaklar\u0131m\u0131z\u0131n web siteleri taraf\u0131ndan cihaz\u0131n\u0131za g\u00f6nderilen y\u00f6nlendirme \u00e7erezlerine eri\u015febiliriz. Bu \u00e7erezler, i\u015f ortaklar\u0131m\u0131z taraf\u0131ndan web sitemize y\u00f6nlendirilen her ziyaret\u00e7iyi tan\u0131mlamak ve bu ziyaret\u00e7ilerin CA Energy Enerji Metal San. ve Tic. A.\u015e. \u00fcr\u00fcn veya hizmetlerinden yararlan\u0131p yararlanmad\u0131\u011f\u0131n\u0131 anlamak i\u00e7in kullan\u0131l\u0131r. Bu bilgiler, anonim olmak ve kimli\u011finizin do\u011frudan if\u015fa edilmesini \u00f6nleyecek \u015fekilde kullan\u0131lmak \u00fczere i\u015f ortaklar\u0131m\u0131zla payla\u015f\u0131labilir.<br>Bu bilgileri, i\u015f ortaklar\u0131m\u0131za kar\u015f\u0131 s\u00f6zle\u015fmesel y\u00fck\u00fcml\u00fcl\u00fcklerimizi yerine getirmek ve onlar\u0131n web sitelerinin etkinli\u011fini art\u0131rmalar\u0131na yard\u0131mc\u0131 olmak i\u00e7in kullan\u0131yoruz.<\/p>\n\n\n<div class=\"wp-block-title\">\n<h3 class=\"wp-block-heading\"><strong>\u0130\u015flevsel \u00e7erezler<\/strong><\/h3><div class=\"wp-block-title-pattern\"><\/div>\n<\/div>\n\n\n<p>Web sitemizde \u00e7e\u015fitli yararl\u0131 \u00f6zellikleri etkinle\u015ftirmek i\u00e7in gerekli olmayan i\u015flevsel \u00e7erezler kullanabiliriz.<br>\u00d6rne\u011fin, bu \u00e7erezler web sitemizde a\u015fa\u011f\u0131daki ama\u00e7larla kullan\u0131labilir:<\/p>\n\n\n\n<ul class=\"wp-block-list\">\n<li>Son web sitemizi ziyaretiniz s\u0131ras\u0131nda se\u00e7ti\u011finiz \u00fclke\/dil, ilgi alanlar\u0131n\u0131z ve web sitemizin kullan\u0131m\u0131 gibi tercihlerinizi hat\u0131rlamak i\u00e7in<br>Web sitemizin sunumu (web sayfalar\u0131n\u0131n d\u00fczeni, yaz\u0131 tipi boyutu, renkler vb.), b\u00f6ylece bu bilgileri her seferinde yeniden girmenize gerek kalmaz<\/li>\n\n\n\n<li>Web sitemiz taraf\u0131ndan sorulan sorulara verdi\u011finiz yan\u0131tlar\u0131 hat\u0131rlamak, \u00f6rne\u011fin m\u00fc\u015fteri memnuniyeti anketine kat\u0131lmak isteyip istemedi\u011finizi sormak, b\u00f6ylece bunlar\u0131 tekrar yan\u0131tlamak zorunda kalmamak<\/li>\n\n\n\n<li>Ge\u00e7mi\u015fte size canl\u0131 \u00e7evrimi\u00e7i yard\u0131m gibi bir hizmet verilip verilmedi\u011fini belirlemek i\u00e7in<\/li>\n\n\n\n<li>\u00c7evrimi\u00e7i video izleme veya bloglara yorum yapma gibi iste\u011fe ba\u011fl\u0131 hizmetleri etkinle\u015ftirmek i\u00e7in bilgi sa\u011flamak<\/li>\n<\/ul>\n\n\n<div class=\"wp-block-title\">\n<h3 class=\"wp-block-heading\"><strong>Hedefleme veya reklam ama\u00e7l\u0131 \u00e7erezler<\/strong><\/h3><div class=\"wp-block-title-pattern\"><\/div>\n<\/div>\n\n\n<p>Web sitemizde, ilgi alanlar\u0131n\u0131za en uygun konularda reklamlar g\u00f6r\u00fcnt\u00fclemek i\u00e7in hedef kitleye y\u00f6nelik veya reklam ama\u00e7l\u0131 \u00e7erezler kullan\u0131labilir. Bu \u00e7erezler, web sitemizde gezinirken gezinme al\u0131\u015fkanl\u0131klar\u0131n\u0131z (\u00f6rne\u011fin, hangi \u00fcr\u00fcn ve hizmetlere t\u0131klad\u0131\u011f\u0131n\u0131z) hakk\u0131nda olduk\u00e7a ayr\u0131nt\u0131l\u0131 bilgiler toplayabilir. Ayr\u0131ca, bu \u00e7erezler web sitemizi veya reklam ortaklar\u0131m\u0131zdan birinin web sitesini tekrar ziyaret etti\u011finizde sizi tan\u0131mak i\u00e7in de kullan\u0131labilir.<br>\u00d6rne\u011fin, bu \u00e7erezler, web sitemizde gezindi\u011finiz veya inceledi\u011finiz CA Energy Enerji Metal San. ve Tic. A.\u015e.&#039;nin \u00fcr\u00fcn ve hizmetleri hakk\u0131nda bilgi toplamak i\u00e7in kullan\u0131labilir, b\u00f6ylece: o Web sitelerinde g\u00f6r\u00fcnt\u00fclemekte oldu\u011funuz CA Energy Enerji Metal Sanayi ve Ticaret A.\u015e. \u00fcr\u00fcn ve hizmetlerine ili\u015fkin reklamlar\u0131 size g\u00f6sterebilirler.<\/p>\n\n\n\n<ul class=\"wp-block-list\">\n<li>Ald\u0131\u011f\u0131n\u0131z e-postalar\u0131 ve di\u011fer do\u011frudan pazarlama ileti\u015fimlerini \u00f6zelle\u015ftirin<\/li>\n\n\n\n<li>Reklam ortaklar\u0131m\u0131z, CA Energy Enerji Metal San. ve Tic. A.\u015e.&#039;nin g\u00f6r\u00fcnt\u00fcledi\u011finiz \u00fcr\u00fcn ve hizmetlerine ili\u015fkin olarak kendi reklam a\u011flar\u0131 dahilindeki di\u011fer web sitelerindeki reklamlara eri\u015fmenizi sa\u011flayabilir.<\/li>\n\n\n\n<li>Bir reklam kampanyas\u0131n\u0131n etkinli\u011fini \u00f6l\u00e7menin yan\u0131 s\u0131ra, ayn\u0131 reklam\u0131 g\u00f6rme say\u0131n\u0131z\u0131 da s\u0131n\u0131rlayabiliriz<\/li>\n<\/ul>\n\n\n\n<p>Bu \u00e7erezler CA Energy Enerji Metal San. ve Tic. A.\u015e. ve\/veya reklam ortaklar\u0131m\u0131z taraf\u0131ndan saklanabilir ve bunlara eri\u015febilir.<\/p>\n\n\n<div class=\"wp-block-title\">\n<h3 class=\"wp-block-heading\"><strong>\u00dc\u00e7\u00fcnc\u00fc taraf \u00e7erezleri<\/strong><\/h3><div class=\"wp-block-title-pattern\"><\/div>\n<\/div>\n\n\n<p>Web sitemizi kulland\u0131\u011f\u0131n\u0131zda, CA Energy Energy Metal Sanayi ve Ticaret A.\u015e. taraf\u0131ndan kontrol edilmeyen baz\u0131 \u00e7erezler bilgisayar\u0131n\u0131za kaydedilebilir. Bu durum, ziyaret etti\u011finiz sayfan\u0131n \u00fc\u00e7\u00fcnc\u00fc taraf bir web sitesinden i\u00e7erik bar\u0131nd\u0131rmas\u0131 ve ilgili \u00fc\u00e7\u00fcnc\u00fc taraf hizmetlerinden gelen \u00e7erezlerin bilgisayar\u0131n\u0131za kaydedilmesi durumunda ortaya \u00e7\u0131kar. Ancak, hesab\u0131n\u0131za giri\u015f yapmad\u0131\u011f\u0131n\u0131z s\u00fcrece bu \u00e7erezlerde hi\u00e7bir ki\u015fisel bilgi saklanmaz.<\/p>\n\n\n\n<p>\u00d6rne\u011fin, bu \u00e7erezler \u015funlardan kaynaklanabilir:<\/p>\n\n\n\n<ul class=\"wp-block-list\">\n<li>YouTube veya Facebook<\/li>\n\n\n\n<li>G\u00fcvenilir operat\u00f6rler<\/li>\n\n\n\n<li>\u00dccretli medya kurulu\u015flar\u0131<\/li>\n\n\n\n<li>CA Energy Enerji Metal Sanayi ve Ticaret A.\u015e.&#039;nin pazarlama faaliyetleri<\/li>\n<\/ul>\n\n\n\n<p>CA Energy Energy Metal Sanayi ve Ticaret A.\u015e., bu t\u00fcr \u00e7erezlerin depolanmas\u0131n\u0131 veya bunlara eri\u015fimi kontrol etmemektedir. Bu \u00fc\u00e7\u00fcnc\u00fc taraflar\u0131n \u00e7erezleri nas\u0131l kulland\u0131\u011f\u0131n\u0131 \u00f6\u011frenmek i\u00e7in, bu hizmetlerin gizlilik ve \u00e7erez politikalar\u0131n\u0131 incelemelisiniz.<\/p>\n\n\n<div class=\"wp-block-title\">\n<h3 class=\"wp-block-heading\"><strong>\u00c7erez ayarlar\u0131n\u0131z\u0131 de\u011fi\u015ftirme<\/strong><\/h3><div class=\"wp-block-title-pattern\"><\/div>\n<\/div>\n\n\n<p>\u00c7o\u011fu taray\u0131c\u0131, \u00e7erezleri bilgisayar\u0131n\u0131z\u0131n sabit diskinden silmenize, \u00e7erezlerin kabul\u00fcn\u00fc engellemenize veya bir \u00e7erez depolanmadan \u00f6nce uyar\u0131 alman\u0131za olanak tan\u0131r.<\/p>\n\n\n<div class=\"wp-block-title\">\n<h3 class=\"wp-block-heading\"><strong>\u00c7erezler devre d\u0131\u015f\u0131 b\u0131rak\u0131l\u0131rsa ne olur?<\/strong><\/h3><div class=\"wp-block-title-pattern\"><\/div>\n<\/div>\n\n\n<p>\u00c7erezleri engeller veya silerseniz, daha \u00f6nce belirledi\u011finiz tercihlerinizi veya \u00f6zelle\u015ftirme ayarlar\u0131n\u0131z\u0131 geri y\u00fckleyemeyebiliriz ve \u00e7evrimi\u00e7i deneyiminizi ki\u015fiselle\u015ftirme yetene\u011fimiz s\u0131n\u0131rl\u0131 olabilir.<\/p>","protected":false},"excerpt":{"rendered":"<p>Our cookie policy We use cookies on our website and in our emails for various purposes in order to provide our services effectively and improve your consumer experience. We are also developing a way for our trusted partners to share their&#8230;<\/p>","protected":false},"author":1,"featured_media":0,"parent":0,"menu_order":0,"comment_status":"closed","ping_status":"closed","template":"","meta":{"footnotes":""},"class_list":["post-107","page","type-page","status-publish","hentry"],"_links":{"self":[{"href":"https:\/\/capowergreen.com\/tr\/wp-json\/wp\/v2\/pages\/107","targetHints":{"allow":["GET"]}}],"collection":[{"href":"https:\/\/capowergreen.com\/tr\/wp-json\/wp\/v2\/pages"}],"about":[{"href":"https:\/\/capowergreen.com\/tr\/wp-json\/wp\/v2\/types\/page"}],"author":[{"embeddable":true,"href":"https:\/\/capowergreen.com\/tr\/wp-json\/wp\/v2\/users\/1"}],"replies":[{"embeddable":true,"href":"https:\/\/capowergreen.com\/tr\/wp-json\/wp\/v2\/comments?post=107"}],"version-history":[{"count":2,"href":"https:\/\/capowergreen.com\/tr\/wp-json\/wp\/v2\/pages\/107\/revisions"}],"predecessor-version":[{"id":6531,"href":"https:\/\/capowergreen.com\/tr\/wp-json\/wp\/v2\/pages\/107\/revisions\/6531"}],"wp:attachment":[{"href":"https:\/\/capowergreen.com\/tr\/wp-json\/wp\/v2\/media?parent=107"}],"curies":[{"name":"wp","href":"https:\/\/api.w.org\/{rel}","templated":true}]}}